{"id":7910,"date":"2019-09-10T05:32:53","date_gmt":"2019-09-10T05:32:53","guid":{"rendered":"http:\/\/slavonija-zapad.com.hr\/?page_id=7910"},"modified":"2024-08-16T16:13:50","modified_gmt":"2024-08-16T16:13:50","slug":"kadetska-liga-istok","status":"publish","type":"page","link":"http:\/\/slavonija-zapad.com.hr\/?page_id=7910","title":{"rendered":"Kadetska liga &#8211; Istok 2023\/24"},"content":{"rendered":"<p><span style=\"color: #ff0000;\">\u00a0<\/span><\/p>\n<p><span style=\"font-size: small;\">Utakmice kadetske lige se igraju sa plasti\u010dnim ( bejzik ) lopticama.<\/span><\/p>\n<p><span style=\"text-decoration: underline; background-color: #ffff00;\"><strong><span style=\"font-size: small;\">U kadetsku ligu klubovi uklju\u010duju djecu koja su obavila lije\u010dni\u010dki<\/span><\/strong><\/span><\/p>\n<p><span style=\"text-decoration: underline; background-color: #ffff00;\"><strong><span style=\"font-size: small;\">pregled i dobila odobrenje za sudjelovanje na stolnoteniskim natjecanjima.<\/span><\/strong><\/span><\/p>\n<p><span style=\"font-size: medium;\">&#8230;&#8230;&#8230;&#8230;&#8230;.<strong><span style=\"color: #0000ff;\"><a href=\"http:\/\/slavonija-zapad.com.hr\/wp-content\/uploads\/2019\/10\/Zapisnik-Kadetska-liga-Istok.pdf\"><span style=\"color: #0000ff;\">Zapisnik &#8211; Kadetska liga Istok<\/span><\/a><\/span><\/strong>&#8230;&#8230;&#8230;&#8230;..<\/span><\/p>\n<p><span style=\"font-size: small;\"><strong>Dvije bolje plasirane ekipe me\u0111u prvih tri sa Istoka i Zapada,\u00a0<\/strong><\/span><\/p>\n<p><span style=\"font-size: small;\"><strong>igrat \u0107e\u00a0<\/strong><\/span><span style=\"font-size: small;\"><strong>jednokru\u017eno doigravanje za Kadetskog prvaka regije.<\/strong><\/span><\/p>\n<p style=\"text-align: center;\"><span style=\"font-size: small;\">&#8230;&#8230;&#8230;&#8230;&#8230;&#8230;..<strong>.<span style=\"font-size: medium; color: #0000ff;\"><a href=\"http:\/\/slavonija-zapad.com.hr\/wp-content\/uploads\/2019\/09\/Pravila-za-doigravanje-u-Kadetskoj-ligi-za-Prvaka.pdf\"><span style=\"color: #0000ff;\">Pravila za doigravanje <\/span><\/a><\/span><\/strong>&#8230;&#8230;&#8230;&#8230;&#8230;&#8230;&#8230;<\/span><\/p>\n<p style=\"text-align: left;\">.<\/p>\n<table border=\"2\">\n<tbody>\n<tr>\n<td style=\"text-align: center; width: 240px; height: 40px; border-width: 2px; border-color: #000000; border-style: solid;\" colspan=\"3\"><a href=\"http:\/\/slavonija-zapad.com.hr\/wp-content\/uploads\/2023\/09\/KADETSKA-LIGA-RASPORED-JESEN.pdf\">KADETSKA LIGA RASPORED JESEN<\/a><\/td>\n<td style=\"text-align: center; width: 240px; height: 40px; border-width: 2px; border-color: #000000; border-style: solid;\" colspan=\"3\"><span style=\"color: #000000;\"><span style=\"font-size: medium;\">Raspored &#8211; prolje\u0107e 2023 \/ 24.<\/span><\/span><\/td>\n<\/tr>\n<tr>\n<td style=\"text-align: center; width: 240px; height: 40px; border-width: 2px; border-color: #000000; border-style: solid;\" colspan=\"6\"><span style=\"font-size: medium; color: #000000;\">Ljestvica &#8211; 3. kolo<\/span><\/td>\n<\/tr>\n<tr>\n<td style=\"text-align: center; width: 240px; height: 40px; border-width: 2px; border-color: #000000; border-style: solid;\" colspan=\"3\"><span style=\"text-decoration: underline; color: #000000;\"><span style=\"font-size: medium;\">Jesen 2023 \/ 24.<\/span><\/span><\/td>\n<td style=\"text-align: center; width: 240px; height: 40px; border-width: 2px; border-color: #000000; border-style: solid;\" colspan=\"3\"><span style=\"text-decoration: underline; color: #000000;\"><span style=\"font-size: medium;\">Prolje\u0107e 2023 \/ 4.<\/span><\/span><\/td>\n<\/tr>\n<tr>\n<td style=\"text-align: center; width: 240px; height: 40px; border-width: 2px; border-color: #000000; border-style: solid;\"><span style=\"font-size: medium;\"><strong><a href=\"http:\/\/slavonija-zapad.com.hr\/wp-content\/uploads\/2024\/06\/Kadeti-istok-1-kolo.pdf\">\u00a01 kolo<\/a><\/strong><\/span><\/td>\n<td style=\"text-align: center; width: 240px; height: 40px; border-width: 2px; border-color: #000000; border-style: solid;\"><span style=\"font-size: medium;\"><strong><a href=\"http:\/\/slavonija-zapad.com.hr\/wp-content\/uploads\/2024\/06\/Kadeti-istok-2-kolo.pdf\">2 kolo<\/a><\/strong><\/span><\/td>\n<td style=\"text-align: center; width: 240px; height: 40px; border-width: 2px; border-color: #000000; border-style: solid;\"><span style=\"font-size: medium;\"><strong><a href=\"http:\/\/slavonija-zapad.com.hr\/wp-content\/uploads\/2024\/06\/Kadeti-istok-3-kolo.pdf\">\u00a03 kolo<\/a><\/strong><\/span><\/td>\n<td style=\"text-align: center; width: 240px; height: 40px; border-width: 2px; border-color: #000000; border-style: solid;\"><span style=\"font-size: medium; color: #000000;\">8. kolo<\/span><\/td>\n<td style=\"text-align: center; width: 240px; height: 40px; border-width: 2px; border-color: #000000; border-style: solid;\"><span style=\"font-size: medium; color: #000000;\">9. kolo<\/span><\/td>\n<td style=\"text-align: center; width: 240px; height: 40px; border-width: 2px; border-color: #000000; border-style: solid;\"><span style=\"font-size: medium; color: #000000;\">10. kolo<\/span><\/td>\n<\/tr>\n<tr>\n<td style=\"text-align: center; width: 240px; height: 40px; border-width: 2px; border-color: #000000; border-style: solid;\"><span style=\"font-size: medium;\"><strong><a href=\"http:\/\/slavonija-zapad.com.hr\/wp-content\/uploads\/2024\/06\/Kadeti-istok-4-kolo.pdf\">\u00a04 kolo<\/a><\/strong><\/span><\/td>\n<td style=\"text-align: center; width: 240px; height: 40px; border-width: 2px; border-color: #000000; border-style: solid;\"><span style=\"font-size: medium;\"><strong><a href=\"http:\/\/slavonija-zapad.com.hr\/wp-content\/uploads\/2024\/06\/Kadeti-istok-5-kolo.pdf\">5 kolo<\/a><\/strong><\/span><\/td>\n<td style=\"text-align: center; width: 240px; height: 40px; border-width: 2px; border-color: #000000; border-style: solid;\"><span style=\"font-size: medium; color: #000000;\">\u00a0<\/span><\/td>\n<td style=\"text-align: center; width: 240px; height: 40px; border-width: 2px; border-color: #000000; border-style: solid;\"><span style=\"font-size: medium; color: #000000;\">11. kolo<\/span><\/td>\n<td style=\"text-align: center; width: 240px; height: 40px; border-width: 2px; border-color: #000000; border-style: solid;\"><span style=\"font-size: medium; color: #000000;\">12. kolo<\/span><\/td>\n<td style=\"text-align: center; width: 240px; height: 40px; border-width: 2px; border-color: #000000; border-style: solid;\"><span style=\"color: #000000;\">\u00a0<\/span><\/td>\n<\/tr>\n<tr>\n<td style=\"text-align: center; width: 240px; height: 40px; border-width: 2px; border-color: #000000; border-style: solid;\"><span style=\"font-size: medium; color: #000000;\">6. kolo<\/span><\/td>\n<td style=\"text-align: center; width: 240px; height: 40px; border-width: 2px; border-color: #000000; border-style: solid;\"><span style=\"font-size: medium; color: #000000;\">7. kolo<\/span><\/td>\n<td style=\"text-align: center; width: 240px; height: 40px; border-width: 2px; border-color: #000000; border-style: solid;\"><span style=\"font-size: medium; color: #000000;\">\u00a0<\/span><\/td>\n<td style=\"text-align: center; width: 240px; height: 40px; border-width: 2px; border-color: #000000; border-style: solid;\"><span style=\"font-size: medium; color: #000000;\">13. kolo<\/span><\/td>\n<td style=\"text-align: center; width: 240px; height: 40px; border-width: 1px; border-color: #000000; border-style: solid;\"><span style=\"font-size: medium; color: #000000;\">14. kolo<\/span><\/td>\n<td style=\"text-align: center; width: 240px; height: 40px; border-width: 2px; border-color: #000000; border-style: solid;\"><span style=\"color: #000000;\">\u00a0<\/span><\/td>\n<\/tr>\n<tr>\n<td style=\"text-align: center; width: 240px; height: 40px; border-width: 2px; border-color: #000000; border-style: solid;\" colspan=\"6\"><span style=\"font-size: medium; color: #000000;\">Skorovi iga\u010da \/igra\u010dica- 3. kolo<\/span><\/td>\n<\/tr>\n<tr>\n<td style=\"text-align: center; width: 240px; height: 40px; border-width: 2px; border-color: #000000; border-style: solid;\" colspan=\"6\"><span style=\"font-size: medium; color: #000080;\"><br \/>\n<\/span><\/td>\n<\/tr>\n<\/tbody>\n<\/table>\n","protected":false},"excerpt":{"rendered":"<p>\u00a0 Utakmice kadetske lige se igraju sa plasti\u010dnim ( bejzik ) lopticama. U kadetsku ligu klubovi uklju\u010duju djecu koja su obavila lije\u010dni\u010dki pregled i dobila odobrenje za sudjelovanje na stolnoteniskim natjecanjima. &#8230;&#8230;&#8230;&#8230;&#8230;.Zapisnik &#8211; Kadetska liga Istok&#8230;&#8230;&#8230;&#8230;.. Dvije bolje plasirane ekipe me\u0111u prvih tri sa Istoka i Zapada,\u00a0 igrat \u0107e\u00a0jednokru\u017eno doigravanje za Kadetskog prvaka regije. &#8230;&#8230;&#8230;&#8230;&#8230;&#8230;&#8230;Pravila<span class=\"more-excerpt\"><a class=\"more-excerpt-link\" href=\"http:\/\/slavonija-zapad.com.hr\/?page_id=7910\"> (continue reading&#8230;)  <\/a><\/span><\/p>\n","protected":false},"author":3,"featured_media":0,"parent":0,"menu_order":0,"comment_status":"closed","ping_status":"closed","template":"","meta":{"footnotes":""},"class_list":["post-7910","page","type-page","status-publish","hentry"],"_links":{"self":[{"href":"http:\/\/slavonija-zapad.com.hr\/index.php?rest_route=\/wp\/v2\/pages\/7910","targetHints":{"allow":["GET"]}}],"collection":[{"href":"http:\/\/slavonija-zapad.com.hr\/index.php?rest_route=\/wp\/v2\/pages"}],"about":[{"href":"http:\/\/slavonija-zapad.com.hr\/index.php?rest_route=\/wp\/v2\/types\/page"}],"author":[{"embeddable":true,"href":"http:\/\/slavonija-zapad.com.hr\/index.php?rest_route=\/wp\/v2\/users\/3"}],"replies":[{"embeddable":true,"href":"http:\/\/slavonija-zapad.com.hr\/index.php?rest_route=%2Fwp%2Fv2%2Fcomments&post=7910"}],"version-history":[{"count":97,"href":"http:\/\/slavonija-zapad.com.hr\/index.php?rest_route=\/wp\/v2\/pages\/7910\/revisions"}],"predecessor-version":[{"id":13816,"href":"http:\/\/slavonija-zapad.com.hr\/index.php?rest_route=\/wp\/v2\/pages\/7910\/revisions\/13816"}],"wp:attachment":[{"href":"http:\/\/slavonija-zapad.com.hr\/index.php?rest_route=%2Fwp%2Fv2%2Fmedia&parent=7910"}],"curies":[{"name":"wp","href":"https:\/\/api.w.org\/{rel}","templated":true}]}}