{"id":122,"date":"2013-10-16T15:49:56","date_gmt":"2013-10-16T15:49:56","guid":{"rendered":"http:\/\/slavonija-zapad.com.hr\/?page_id=122"},"modified":"2019-11-05T21:56:02","modified_gmt":"2019-11-05T21:56:02","slug":"stk-sirac","status":"publish","type":"page","link":"https:\/\/slavonija-zapad.com.hr\/?page_id=122","title":{"rendered":"STK Gare\u0161nica"},"content":{"rendered":"<p>Predsjednik: <strong>Josip Biland\u017eija<\/strong><\/p>\n<p>Adresa: V. Nazora 22, 43280 Gare\u0161nica<\/p>\n<p>tel. <strong>098 456 826<\/strong><\/p>\n<p>Mladen Vugrinovi\u0107, tel. 0992396116<\/p>\n<p>Trg Hrvatskih Branitelja 2, 43280 Gare\u0161nica<\/p>\n<p>e. mail: stk.garesnica@gmail.com<\/p>\n<p><span style=\"font-size: small;\"><strong>Adresa dvorane: Ulica Petra Sva\u010di\u0107a 11g, Gare\u0161nica<\/strong><\/span><\/p>\n<p><span style=\"font-size: small;\">Dvorana S\u0160 August \u0160enoa<\/span><\/p>\n","protected":false},"excerpt":{"rendered":"<p>Predsjednik: Josip Biland\u017eija Adresa: V. Nazora 22, 43280 Gare\u0161nica tel. 098 456 826 Mladen Vugrinovi\u0107, tel. 0992396116 Trg Hrvatskih Branitelja 2, 43280 Gare\u0161nica e. mail: stk.garesnica@gmail.com Adresa dvorane: Ulica Petra Sva\u010di\u0107a 11g, Gare\u0161nica Dvorana S\u0160 August \u0160enoa<\/p>\n","protected":false},"author":3,"featured_media":0,"parent":0,"menu_order":0,"comment_status":"closed","ping_status":"closed","template":"","meta":{"footnotes":""},"class_list":["post-122","page","type-page","status-publish","hentry"],"_links":{"self":[{"href":"https:\/\/slavonija-zapad.com.hr\/index.php?rest_route=\/wp\/v2\/pages\/122","targetHints":{"allow":["GET"]}}],"collection":[{"href":"https:\/\/slavonija-zapad.com.hr\/index.php?rest_route=\/wp\/v2\/pages"}],"about":[{"href":"https:\/\/slavonija-zapad.com.hr\/index.php?rest_route=\/wp\/v2\/types\/page"}],"author":[{"embeddable":true,"href":"https:\/\/slavonija-zapad.com.hr\/index.php?rest_route=\/wp\/v2\/users\/3"}],"replies":[{"embeddable":true,"href":"https:\/\/slavonija-zapad.com.hr\/index.php?rest_route=%2Fwp%2Fv2%2Fcomments&post=122"}],"version-history":[{"count":9,"href":"https:\/\/slavonija-zapad.com.hr\/index.php?rest_route=\/wp\/v2\/pages\/122\/revisions"}],"predecessor-version":[{"id":8275,"href":"https:\/\/slavonija-zapad.com.hr\/index.php?rest_route=\/wp\/v2\/pages\/122\/revisions\/8275"}],"wp:attachment":[{"href":"https:\/\/slavonija-zapad.com.hr\/index.php?rest_route=%2Fwp%2Fv2%2Fmedia&parent=122"}],"curies":[{"name":"wp","href":"https:\/\/api.w.org\/{rel}","templated":true}]}}